{"id":484,"date":"2025-01-14T10:39:10","date_gmt":"2025-01-14T09:39:10","guid":{"rendered":"https:\/\/denkbar-ol.de\/wp\/?page_id=484"},"modified":"2025-01-14T10:42:54","modified_gmt":"2025-01-14T09:42:54","slug":"nina-tiemeyer","status":"publish","type":"page","link":"https:\/\/denkbar-ol.de\/wp\/nina-tiemeyer\/","title":{"rendered":"Nina Tiemeyer"},"content":{"rendered":"<div class=\"wpb-content-wrapper\"><p>[vc_row css=&#8220;.vc_custom_1679471001686{margin-bottom: 32px !important;}&#8220;][vc_column width=&#8220;2\/3&#8243;][vc_column_text css=&#8220;&#8220;]<\/p>\n<h1 style=\"font-weight: 400;\">Nina Tiemeyer<\/h1>\n<p>[\/vc_column_text][vc_column_text css=&#8220;&#8220;]<\/p>\n<h2>Motto<\/h2>\n<p style=\"font-weight: 400;\"><em>\u201eIn einer Welt, die s\u00fcchtig nach Geschwindigkeit ist, ist Langsamkeit eine Superkraft.\u201c<br \/>\n(Carl Honor\u00e9, kanadischer Autor)<\/em><\/p>\n<p>[\/vc_column_text][vc_separator color=&#8220;custom&#8220; accent_color=&#8220;#e31c54&#8243;][vc_column_text css=&#8220;&#8220;]<\/p>\n<h2>Was mich bewegt<\/h2>\n<p style=\"font-weight: 400;\">In der Arbeit ist mir wichtig, dass alle Stimmen geh\u00f6rt werden und dass es Raum und Zeit gibt<\/p>\n<ul>\n<li>um die eigenen Beweggr\u00fcnde zu erkennen<\/li>\n<li>um die Perspektive der anderen zu verstehen<\/li>\n<li>um Ressourcen zu entdecken<\/li>\n<\/ul>\n<p><span style=\"font-weight: 400;\">um zu Neuorientierung zu kommen und selbstwirksam zu werden. <\/span>[\/vc_column_text][vc_separator color=&#8220;custom&#8220; accent_color=&#8220;#e31c54&#8243;][vc_column_text css=&#8220;&#8220;]<\/p>\n<h2>Schwerpunkte<\/h2>\n<ul>\n<li>Team- &amp; Fallsupervision<\/li>\n<li>Einzelcoaching<\/li>\n<li>Fortbildungen im Bereich Sprachbildung und Sprachf\u00f6rderung<\/li>\n<li>Moderation von Konzeptentwicklungsprozessen f\u00fcr Inklusion &amp; Vielfalt und f\u00fcr die Zusammenarbeit mit Eltern<\/li>\n<\/ul>\n<ul>\n<li style=\"list-style-type: none;\"><\/li>\n<\/ul>\n<p>[\/vc_column_text][vc_separator color=&#8220;custom&#8220; accent_color=&#8220;#e31c54&#8243;][vc_column_text css=&#8220;&#8220;]<\/p>\n<h2>Qualifikation<\/h2>\n<ul>\n<li>Supervisorin und Coach (Kontaktstudium C3llo Oldenburg, DGSv zertifiziert)<\/li>\n<li>Fachberaterin Kita (Bundesprogramm Sprach-Kitas)<\/li>\n<li>Video-Interaktions-Begleitung (AEWB)<\/li>\n<li>Dozentin im Bereich Inklusion<\/li>\n<li>Multiplikatorin zur Weiterentwicklung von Sprachbildung und Sprachf\u00f6rderung (AEWB)<\/li>\n<li>Dipl. Sprachheilp\u00e4dagogin (Uni Bremen)<\/li>\n<li style=\"list-style-type: none;\"><\/li>\n<\/ul>\n<p>[\/vc_column_text][vc_separator color=&#8220;custom&#8220; accent_color=&#8220;#e31c54&#8243;][vc_column_text css=&#8220;&#8220;]<\/p>\n<h2>Konzept &amp; Methode<\/h2>\n<p style=\"font-weight: 400;\">In der Supervision und Coaching verstehe ich mich als Impulsgeberin f\u00fcr Reflexion und Selbstorganisation. So k\u00f6nnen L\u00f6sungen und Ver\u00e4nderungen entstehen. Als Basis braucht es daf\u00fcr eine gute Beziehungsebene, in der wertsch\u00e4tzend und offen kommuniziert wird.<\/p>\n<p>[\/vc_column_text][vc_separator color=&#8220;custom&#8220; accent_color=&#8220;#e31c54&#8243;][vc_column_text css=&#8220;&#8220;]<\/p>\n<h2>Arbeitsbereiche<\/h2>\n<ul>\n<li><em>denk<\/em><strong>bar <\/strong>forum f\u00fcr ver\u00e4nderungen (2024)<\/li>\n<li>Supervision und Coaching im sozialp\u00e4dagogischen Bereich:\n<ul>\n<li>Kita und Kindertagespflege<\/li>\n<li>Gesundheitsbereich<\/li>\n<li>Schulassistenz<\/li>\n<li>Einrichtungen f\u00fcr Menschen mit Behinderungen<\/li>\n<\/ul>\n<\/li>\n<li style=\"font-weight: 400;\"><strong>seit 2016<\/strong> Fachberatung Sprach- Kitas (Stadt Oldenburg)<\/li>\n<li style=\"font-weight: 400;\"><strong>seit 2012<\/strong> Fachliche Fortbildungen und Koordinierung f\u00fcr Sprachbildungsarbeit in Kitas<\/li>\n<li style=\"font-weight: 400;\"><strong>2011-2023<\/strong> Heilp\u00e4dagogische Fr\u00fchf\u00f6rderung (Gruppen- und Einzelsetting)<\/li>\n<li style=\"font-weight: 400;\"><strong>2000-2011<\/strong> (Leitungs-) T\u00e4tigkeit in verschiedenen logop\u00e4dischen Praxen<\/li>\n<\/ul>\n<p>[\/vc_column_text][\/vc_column][vc_column width=&#8220;1\/3&#8243;][vc_single_image image=&#8220;487&#8243; img_size=&#8220;full&#8220; style=&#8220;vc_box_shadow_3d&#8220; css=&#8220;&#8220;][vc_column_text css=&#8220;.vc_custom_1736847619714{padding-top: 20px !important;padding-right: 20px !important;padding-bottom: 20px !important;padding-left: 20px !important;background-color: #e31c54 !important;}&#8220;]<span style=\"color: #ffffff;\"><strong>Nina Tiemeyer<\/strong><\/span><\/p>\n<p><span style=\"color: #ffffff;\">Alter Warf 17<\/span><br \/>\n<span style=\"color: #ffffff;\">26316 Varel<\/span><\/p>\n<p><span style=\"color: #ffffff;\">Telefon: 0170 9092418<\/span><br \/>\n<span style=\"color: #ffffff;\"><a style=\"color: #ffffff;\" href=\"mailto:n.tiemeyer@denkbar-ol.de\">n.tiemeyer@denkbar-ol.de<\/a> <\/span>[\/vc_column_text][\/vc_column][\/vc_row]<\/p>\n<\/div>","protected":false},"excerpt":{"rendered":"<p>[vc_row css=&#8220;.vc_custom_1679471001686{margin-bottom: 32px !important;}&#8220;][vc_column width=&#8220;2\/3&#8243;][vc_column_text css=&#8220;&#8220;] Nina Tiemeyer [\/vc_column_text][vc_column_text css=&#8220;&#8220;] Motto \u201eIn einer Welt, die s\u00fcchtig nach Geschwindigkeit ist, ist Langsamkeit eine Superkraft.\u201c (Carl Honor\u00e9, kanadischer Autor) [\/vc_column_text][vc_separator color=&#8220;custom&#8220; accent_color=&#8220;#e31c54&#8243;][vc_column_text css=&#8220;&#8220;] Was mich bewegt In der Arbeit ist mir wichtig, dass alle Stimmen geh\u00f6rt werden und dass es Raum und Zeit gibt um die eigenen&hellip;<\/p>\n","protected":false},"author":4,"featured_media":0,"parent":0,"menu_order":0,"comment_status":"closed","ping_status":"closed","template":"","meta":{"footnotes":""},"class_list":["post-484","page","type-page","status-publish","hentry","description-off"],"yoast_head":"<!-- This site is optimized with the Yoast SEO plugin v26.4 - https:\/\/yoast.com\/wordpress\/plugins\/seo\/ -->\n<title>Nina Tiemeyer Supervisorin - denkbar Oldenburg<\/title>\n<meta name=\"description\" content=\"Schwerpunkte: Team- &amp; Fallsupervision, Einzelcoaching, Fortbildungen im Bereich Sprachbildung und Sprachf\u00f6rderung, Moderation von Konzeptentwicklungsprozessen\" \/>\n<meta name=\"robots\" content=\"index, follow, max-snippet:-1, max-image-preview:large, max-video-preview:-1\" \/>\n<link rel=\"canonical\" href=\"https:\/\/denkbar-ol.de\/wp\/nina-tiemeyer\/\" \/>\n<meta property=\"og:locale\" content=\"de_DE\" \/>\n<meta property=\"og:type\" content=\"article\" \/>\n<meta property=\"og:title\" content=\"Nina Tiemeyer Supervisorin - denkbar Oldenburg\" \/>\n<meta property=\"og:description\" content=\"Schwerpunkte: Team- &amp; Fallsupervision, Einzelcoaching, Fortbildungen im Bereich Sprachbildung und Sprachf\u00f6rderung, Moderation von Konzeptentwicklungsprozessen\" \/>\n<meta property=\"og:url\" content=\"https:\/\/denkbar-ol.de\/wp\/nina-tiemeyer\/\" \/>\n<meta property=\"og:site_name\" content=\"denkbar Oldenburg\" \/>\n<meta property=\"article:modified_time\" content=\"2025-01-14T09:42:54+00:00\" \/>\n<meta name=\"twitter:card\" content=\"summary_large_image\" \/>\n<meta name=\"twitter:label1\" content=\"Gesch\u00e4tzte Lesezeit\" \/>\n\t<meta name=\"twitter:data1\" content=\"2\u00a0Minuten\" \/>\n<script type=\"application\/ld+json\" class=\"yoast-schema-graph\">{\"@context\":\"https:\/\/schema.org\",\"@graph\":[{\"@type\":\"WebPage\",\"@id\":\"https:\/\/denkbar-ol.de\/wp\/nina-tiemeyer\/\",\"url\":\"https:\/\/denkbar-ol.de\/wp\/nina-tiemeyer\/\",\"name\":\"Nina Tiemeyer Supervisorin - denkbar Oldenburg\",\"isPartOf\":{\"@id\":\"https:\/\/denkbar-ol.de\/wp\/#website\"},\"datePublished\":\"2025-01-14T09:39:10+00:00\",\"dateModified\":\"2025-01-14T09:42:54+00:00\",\"description\":\"Schwerpunkte: Team- & Fallsupervision, Einzelcoaching, Fortbildungen im Bereich Sprachbildung und Sprachf\u00f6rderung, Moderation von Konzeptentwicklungsprozessen\",\"breadcrumb\":{\"@id\":\"https:\/\/denkbar-ol.de\/wp\/nina-tiemeyer\/#breadcrumb\"},\"inLanguage\":\"de\",\"potentialAction\":[{\"@type\":\"ReadAction\",\"target\":[\"https:\/\/denkbar-ol.de\/wp\/nina-tiemeyer\/\"]}]},{\"@type\":\"BreadcrumbList\",\"@id\":\"https:\/\/denkbar-ol.de\/wp\/nina-tiemeyer\/#breadcrumb\",\"itemListElement\":[{\"@type\":\"ListItem\",\"position\":1,\"name\":\"Startseite\",\"item\":\"https:\/\/denkbar-ol.de\/wp\/\"},{\"@type\":\"ListItem\",\"position\":2,\"name\":\"Nina Tiemeyer\"}]},{\"@type\":\"WebSite\",\"@id\":\"https:\/\/denkbar-ol.de\/wp\/#website\",\"url\":\"https:\/\/denkbar-ol.de\/wp\/\",\"name\":\"denkbar Oldenburg\",\"description\":\"Supervision &amp; Coaching\",\"potentialAction\":[{\"@type\":\"SearchAction\",\"target\":{\"@type\":\"EntryPoint\",\"urlTemplate\":\"https:\/\/denkbar-ol.de\/wp\/?s={search_term_string}\"},\"query-input\":{\"@type\":\"PropertyValueSpecification\",\"valueRequired\":true,\"valueName\":\"search_term_string\"}}],\"inLanguage\":\"de\"}]}<\/script>\n<!-- \/ Yoast SEO plugin. -->","yoast_head_json":{"title":"Nina Tiemeyer Supervisorin - denkbar Oldenburg","description":"Schwerpunkte: Team- & Fallsupervision, Einzelcoaching, Fortbildungen im Bereich Sprachbildung und Sprachf\u00f6rderung, Moderation von Konzeptentwicklungsprozessen","robots":{"index":"index","follow":"follow","max-snippet":"max-snippet:-1","max-image-preview":"max-image-preview:large","max-video-preview":"max-video-preview:-1"},"canonical":"https:\/\/denkbar-ol.de\/wp\/nina-tiemeyer\/","og_locale":"de_DE","og_type":"article","og_title":"Nina Tiemeyer Supervisorin - denkbar Oldenburg","og_description":"Schwerpunkte: Team- & Fallsupervision, Einzelcoaching, Fortbildungen im Bereich Sprachbildung und Sprachf\u00f6rderung, Moderation von Konzeptentwicklungsprozessen","og_url":"https:\/\/denkbar-ol.de\/wp\/nina-tiemeyer\/","og_site_name":"denkbar Oldenburg","article_modified_time":"2025-01-14T09:42:54+00:00","twitter_card":"summary_large_image","twitter_misc":{"Gesch\u00e4tzte Lesezeit":"2\u00a0Minuten"},"schema":{"@context":"https:\/\/schema.org","@graph":[{"@type":"WebPage","@id":"https:\/\/denkbar-ol.de\/wp\/nina-tiemeyer\/","url":"https:\/\/denkbar-ol.de\/wp\/nina-tiemeyer\/","name":"Nina Tiemeyer Supervisorin - denkbar Oldenburg","isPartOf":{"@id":"https:\/\/denkbar-ol.de\/wp\/#website"},"datePublished":"2025-01-14T09:39:10+00:00","dateModified":"2025-01-14T09:42:54+00:00","description":"Schwerpunkte: Team- & Fallsupervision, Einzelcoaching, Fortbildungen im Bereich Sprachbildung und Sprachf\u00f6rderung, Moderation von Konzeptentwicklungsprozessen","breadcrumb":{"@id":"https:\/\/denkbar-ol.de\/wp\/nina-tiemeyer\/#breadcrumb"},"inLanguage":"de","potentialAction":[{"@type":"ReadAction","target":["https:\/\/denkbar-ol.de\/wp\/nina-tiemeyer\/"]}]},{"@type":"BreadcrumbList","@id":"https:\/\/denkbar-ol.de\/wp\/nina-tiemeyer\/#breadcrumb","itemListElement":[{"@type":"ListItem","position":1,"name":"Startseite","item":"https:\/\/denkbar-ol.de\/wp\/"},{"@type":"ListItem","position":2,"name":"Nina Tiemeyer"}]},{"@type":"WebSite","@id":"https:\/\/denkbar-ol.de\/wp\/#website","url":"https:\/\/denkbar-ol.de\/wp\/","name":"denkbar Oldenburg","description":"Supervision &amp; Coaching","potentialAction":[{"@type":"SearchAction","target":{"@type":"EntryPoint","urlTemplate":"https:\/\/denkbar-ol.de\/wp\/?s={search_term_string}"},"query-input":{"@type":"PropertyValueSpecification","valueRequired":true,"valueName":"search_term_string"}}],"inLanguage":"de"}]}},"_links":{"self":[{"href":"https:\/\/denkbar-ol.de\/wp\/wp-json\/wp\/v2\/pages\/484","targetHints":{"allow":["GET"]}}],"collection":[{"href":"https:\/\/denkbar-ol.de\/wp\/wp-json\/wp\/v2\/pages"}],"about":[{"href":"https:\/\/denkbar-ol.de\/wp\/wp-json\/wp\/v2\/types\/page"}],"author":[{"embeddable":true,"href":"https:\/\/denkbar-ol.de\/wp\/wp-json\/wp\/v2\/users\/4"}],"replies":[{"embeddable":true,"href":"https:\/\/denkbar-ol.de\/wp\/wp-json\/wp\/v2\/comments?post=484"}],"version-history":[{"count":4,"href":"https:\/\/denkbar-ol.de\/wp\/wp-json\/wp\/v2\/pages\/484\/revisions"}],"predecessor-version":[{"id":489,"href":"https:\/\/denkbar-ol.de\/wp\/wp-json\/wp\/v2\/pages\/484\/revisions\/489"}],"wp:attachment":[{"href":"https:\/\/denkbar-ol.de\/wp\/wp-json\/wp\/v2\/media?parent=484"}],"curies":[{"name":"wp","href":"https:\/\/api.w.org\/{rel}","templated":true}]}}